{"id":87,"date":"2016-11-05T12:04:32","date_gmt":"2016-11-05T11:04:32","guid":{"rendered":"http:\/\/www.fermedumontforchat.fr\/?post_type=product&#038;p=87"},"modified":"2021-10-05T21:37:08","modified_gmt":"2021-10-05T19:37:08","slug":"beaufort","status":"publish","type":"product","link":"https:\/\/www.fermedumontforchat.fr\/?product=beaufort","title":{"rendered":"Beaufort d&#8217;Et\u00e9"},"content":{"rendered":"<p><b>Beaufort<\/b> est l&#8217;<a title=\"Appellation d'origine\" href=\"https:\/\/fr.wikipedia.org\/wiki\/Appellation_d%27origine\">appellation d&#8217;origine<\/a> d&#8217;un <a title=\"Fromage au lait cru\" href=\"https:\/\/fr.wikipedia.org\/wiki\/Fromage_au_lait_cru\">fromage au lait cru<\/a> de <a title=\"Vache\" href=\"https:\/\/fr.wikipedia.org\/wiki\/Vache\">vache<\/a>, <a title=\"Fromage \u00e0 p\u00e2te press\u00e9e cuite\" href=\"https:\/\/fr.wikipedia.org\/wiki\/Fromage_%C3%A0_p%C3%A2te_press%C3%A9e_cuite\">\u00e0 p\u00e2te press\u00e9e cuite<\/a>, \u00e9labor\u00e9 en <a title=\"Savoie\" href=\"https:\/\/fr.wikipedia.org\/wiki\/Savoie\">Savoie.<\/a> La production du lait et sa transformation s&#8217;effectuent dans une aire comprenant la r\u00e9gion du <a title=\"Beaufortain\" href=\"https:\/\/fr.wikipedia.org\/wiki\/Beaufortain\">Beaufortain<\/a> d&#8217;o\u00f9 il tire son nom.<sup id=\"cite_ref-1\" class=\"reference\"><\/sup> Il est form\u00e9 en meule \u00e0 talon l\u00e9g\u00e8rement concave.<\/p>\n<table style=\"height: 42px;\" width=\"169\">\n<tbody>\n<tr class=\"\">\n<th style=\"text-align: left;\" scope=\"row\">R\u00e9gion<\/th>\n<td class=\"\">\n<div><span class=\"wd_p1071\"><a title=\"Savoie (d\u00e9partement)\" href=\"https:\/\/fr.wikipedia.org\/wiki\/Savoie_(d%C3%A9partement)\">Savoie<\/a><\/span><\/div>\n<\/td>\n<\/tr>\n<\/tbody>\n<\/table>\n<table>\n<tbody>\n<tr class=\"\">\n<th style=\"text-align: left;\" scope=\"row\">Lait<\/th>\n<td class=\"\">\n<div><span class=\"wd_p186\"><a title=\"Lait de vache\" href=\"https:\/\/fr.wikipedia.org\/wiki\/Lait_de_vache\">Vache<\/a><\/span><\/div>\n<\/td>\n<\/tr>\n<tr class=\"\">\n<th style=\"text-align: left;\" scope=\"row\">P\u00e2te<\/th>\n<td class=\"\">\n<div><span class=\"wd_p279\"><a title=\"Fromage \u00e0 p\u00e2te press\u00e9e cuite\" href=\"https:\/\/fr.wikipedia.org\/wiki\/Fromage_%C3%A0_p%C3%A2te_press%C3%A9e_cuite\">Press\u00e9e cuite<\/a><\/span><\/div>\n<\/td>\n<\/tr>\n<tr class=\"\">\n<th scope=\"row\">Appellation<\/th>\n<td class=\"\">\n<div><span class=\"wd_p1389\"><a title=\"Appellation d'origine contr\u00f4l\u00e9e\" href=\"https:\/\/fr.wikipedia.org\/wiki\/Appellation_d%27origine_contr%C3%B4l%C3%A9e\">Appellation d&#8217;origine contr\u00f4l\u00e9e<\/a><\/span><\/div>\n<\/td>\n<\/tr>\n<\/tbody>\n<\/table>\n","protected":false},"excerpt":{"rendered":"<p>Tranche &#8211; 500 gr<\/p>\n<p>Beaufort Et\u00e9 uniquement<br \/>\n<strong>Prix \/ Kg :<br \/>\n<\/strong><\/p>\n","protected":false},"featured_media":698,"template":"","meta":[],"product_cat":[21],"product_tag":[17],"class_list":{"0":"post-87","1":"product","2":"type-product","3":"status-publish","4":"has-post-thumbnail","6":"product_cat-fromage-sec","7":"product_tag-beaufort","9":"first","10":"instock","11":"product-type-simple"},"_links":{"self":[{"href":"https:\/\/www.fermedumontforchat.fr\/index.php?rest_route=\/wp\/v2\/product\/87","targetHints":{"allow":["GET"]}}],"collection":[{"href":"https:\/\/www.fermedumontforchat.fr\/index.php?rest_route=\/wp\/v2\/product"}],"about":[{"href":"https:\/\/www.fermedumontforchat.fr\/index.php?rest_route=\/wp\/v2\/types\/product"}],"wp:featuredmedia":[{"embeddable":true,"href":"https:\/\/www.fermedumontforchat.fr\/index.php?rest_route=\/wp\/v2\/media\/698"}],"wp:attachment":[{"href":"https:\/\/www.fermedumontforchat.fr\/index.php?rest_route=%2Fwp%2Fv2%2Fmedia&parent=87"}],"wp:term":[{"taxonomy":"product_cat","embeddable":true,"href":"https:\/\/www.fermedumontforchat.fr\/index.php?rest_route=%2Fwp%2Fv2%2Fproduct_cat&post=87"},{"taxonomy":"product_tag","embeddable":true,"href":"https:\/\/www.fermedumontforchat.fr\/index.php?rest_route=%2Fwp%2Fv2%2Fproduct_tag&post=87"}],"curies":[{"name":"wp","href":"https:\/\/api.w.org\/{rel}","templated":true}]}}