{"id":608,"date":"2021-10-03T18:25:48","date_gmt":"2021-10-03T16:25:48","guid":{"rendered":"https:\/\/www.fermedumontforchat.fr\/?post_type=product&#038;p=608"},"modified":"2021-10-05T21:43:04","modified_gmt":"2021-10-05T19:43:04","slug":"tomme-fermiere-demie","status":"publish","type":"product","link":"https:\/\/www.fermedumontforchat.fr\/?product=tomme-fermiere-demie","title":{"rendered":"Tomme Fermi\u00e8re \u2013 (Demie)"},"content":{"rendered":"<p>&nbsp;<\/p>\n<table width=\"180\">\n<tbody>\n<tr class=\"\">\n<th scope=\"row\">Pays d\u2019origine<\/th>\n<td class=\"\">\n<div><span class=\"wd_p495\"><a title=\"France\" href=\"https:\/\/fr.wikipedia.org\/wiki\/France\">France<\/a><\/span><\/div>\n<\/td>\n<\/tr>\n<\/tbody>\n<\/table>\n<table width=\"445\">\n<tbody>\n<tr class=\"\">\n<th scope=\"row\">R\u00e9gion<\/th>\n<td class=\"\">\n<div><span class=\"wd_p1071\"><a title=\"Savoie (d\u00e9partement)\" href=\"https:\/\/fr.wikipedia.org\/wiki\/Savoie_(d%C3%A9partement)\">Savoie<\/a>, <a title=\"Haute-Savoie\" href=\"https:\/\/fr.wikipedia.org\/wiki\/Haute-Savoie\">Haute-Savoie<\/a><\/span><\/div>\n<\/td>\n<\/tr>\n<tr class=\"\">\n<th scope=\"row\">Lait<\/th>\n<td class=\"\">\n<div><span class=\"wd_p186\"><a title=\"Lait de vache\" href=\"https:\/\/fr.wikipedia.org\/wiki\/Lait_de_vache\">Vache<\/a><\/span><\/div>\n<\/td>\n<\/tr>\n<tr class=\"\">\n<th scope=\"row\">P\u00e2te<\/th>\n<td class=\"\">\n<div><span class=\"wd_p279\"><a title=\"Fromage \u00e0 p\u00e2te press\u00e9e non cuite\" href=\"https:\/\/fr.wikipedia.org\/wiki\/Fromage_%C3%A0_p%C3%A2te_press%C3%A9e_non_cuite\">Press\u00e9e non cuite<\/a><\/span><\/div>\n<\/td>\n<\/tr>\n<tr class=\"\">\n<th scope=\"row\">Appellation<\/th>\n<td class=\"\">\n<div><span class=\"wd_p1389\"><a title=\"Indication g\u00e9ographique prot\u00e9g\u00e9e\" href=\"https:\/\/fr.wikipedia.org\/wiki\/Indication_g%C3%A9ographique_prot%C3%A9g%C3%A9e\">Indication g\u00e9ographique prot\u00e9g\u00e9e<\/a><\/span><\/div>\n<\/td>\n<\/tr>\n<\/tbody>\n<\/table>\n","protected":false},"excerpt":{"rendered":"<p>&nbsp; Pays d\u2019origine France R\u00e9gion Savoie, Haute-Savoie Lait Vache P\u00e2te Press\u00e9e non cuite Appellation Indication g\u00e9ographique prot\u00e9g\u00e9e<\/p>\n","protected":false},"featured_media":696,"template":"","meta":[],"product_cat":[21],"product_tag":[27],"class_list":{"0":"post-608","1":"product","2":"type-product","3":"status-publish","4":"has-post-thumbnail","6":"product_cat-fromage-sec","7":"product_tag-tomme","9":"first","10":"instock","11":"shipping-taxable","12":"product-type-simple"},"_links":{"self":[{"href":"https:\/\/www.fermedumontforchat.fr\/index.php?rest_route=\/wp\/v2\/product\/608","targetHints":{"allow":["GET"]}}],"collection":[{"href":"https:\/\/www.fermedumontforchat.fr\/index.php?rest_route=\/wp\/v2\/product"}],"about":[{"href":"https:\/\/www.fermedumontforchat.fr\/index.php?rest_route=\/wp\/v2\/types\/product"}],"wp:featuredmedia":[{"embeddable":true,"href":"https:\/\/www.fermedumontforchat.fr\/index.php?rest_route=\/wp\/v2\/media\/696"}],"wp:attachment":[{"href":"https:\/\/www.fermedumontforchat.fr\/index.php?rest_route=%2Fwp%2Fv2%2Fmedia&parent=608"}],"wp:term":[{"taxonomy":"product_cat","embeddable":true,"href":"https:\/\/www.fermedumontforchat.fr\/index.php?rest_route=%2Fwp%2Fv2%2Fproduct_cat&post=608"},{"taxonomy":"product_tag","embeddable":true,"href":"https:\/\/www.fermedumontforchat.fr\/index.php?rest_route=%2Fwp%2Fv2%2Fproduct_tag&post=608"}],"curies":[{"name":"wp","href":"https:\/\/api.w.org\/{rel}","templated":true}]}}