{"id":333,"date":"2020-01-11T11:48:45","date_gmt":"2020-01-11T10:48:45","guid":{"rendered":"http:\/\/www.fermedumontforchat.fr\/?page_id=333"},"modified":"2021-10-10T21:55:31","modified_gmt":"2021-10-10T19:55:31","slug":"produits","status":"publish","type":"page","link":"https:\/\/www.fermedumontforchat.fr\/?page_id=333","title":{"rendered":"Produits"},"content":{"rendered":"\n\n\n<div class=\"wp-block-media-text alignwide is-stacked-on-mobile\" style=\"grid-template-columns:23% auto\"><figure class=\"wp-block-media-text__media\"><img loading=\"lazy\" decoding=\"async\" width=\"700\" height=\"936\" src=\"https:\/\/www.fermedumontforchat.fr\/wp-content\/uploads\/2021\/10\/Fanfouette_Portrait.png\" alt=\"\" class=\"wp-image-846 size-full\" srcset=\"https:\/\/www.fermedumontforchat.fr\/wp-content\/uploads\/2021\/10\/Fanfouette_Portrait.png 700w, https:\/\/www.fermedumontforchat.fr\/wp-content\/uploads\/2021\/10\/Fanfouette_Portrait-224x300.png 224w, https:\/\/www.fermedumontforchat.fr\/wp-content\/uploads\/2021\/10\/Fanfouette_Portrait-600x802.png 600w\" sizes=\"auto, (max-width: 700px) 100vw, 700px\" \/><\/figure><div class=\"wp-block-media-text__content\">\n<p class=\"has-large-font-size\">Retrouvez sur le site, une s\u00e9lection de nos produits de la ferme. <\/p>\n\n\n\n<p class=\"has-large-font-size\">N&#8217;h\u00e9sitez pas de venir \u00e0 notre boutique pour d\u00e9couvrir encore plus de produits.<\/p>\n\n\n\n<p><\/p>\n<\/div><\/div>\n","protected":false},"excerpt":{"rendered":"<p>Retrouvez sur le site, une s\u00e9lection de nos produits de la ferme. N&#8217;h\u00e9sitez pas de venir \u00e0 notre boutique pour d\u00e9couvrir encore plus de produits.<\/p>\n","protected":false},"author":1,"featured_media":0,"parent":0,"menu_order":0,"comment_status":"closed","ping_status":"closed","template":"full-width.php","meta":{"footnotes":""},"class_list":["post-333","page","type-page","status-publish","hentry"],"_links":{"self":[{"href":"https:\/\/www.fermedumontforchat.fr\/index.php?rest_route=\/wp\/v2\/pages\/333","targetHints":{"allow":["GET"]}}],"collection":[{"href":"https:\/\/www.fermedumontforchat.fr\/index.php?rest_route=\/wp\/v2\/pages"}],"about":[{"href":"https:\/\/www.fermedumontforchat.fr\/index.php?rest_route=\/wp\/v2\/types\/page"}],"author":[{"embeddable":true,"href":"https:\/\/www.fermedumontforchat.fr\/index.php?rest_route=\/wp\/v2\/users\/1"}],"replies":[{"embeddable":true,"href":"https:\/\/www.fermedumontforchat.fr\/index.php?rest_route=%2Fwp%2Fv2%2Fcomments&post=333"}],"version-history":[{"count":2,"href":"https:\/\/www.fermedumontforchat.fr\/index.php?rest_route=\/wp\/v2\/pages\/333\/revisions"}],"predecessor-version":[{"id":848,"href":"https:\/\/www.fermedumontforchat.fr\/index.php?rest_route=\/wp\/v2\/pages\/333\/revisions\/848"}],"wp:attachment":[{"href":"https:\/\/www.fermedumontforchat.fr\/index.php?rest_route=%2Fwp%2Fv2%2Fmedia&parent=333"}],"curies":[{"name":"wp","href":"https:\/\/api.w.org\/{rel}","templated":true}]}}