{"id":108,"date":"2016-11-05T12:31:19","date_gmt":"2016-11-05T11:31:19","guid":{"rendered":"http:\/\/www.fermedumontforchat.fr\/?page_id=108"},"modified":"2016-11-05T12:31:19","modified_gmt":"2016-11-05T11:31:19","slug":"fromage-sec","status":"publish","type":"page","link":"https:\/\/www.fermedumontforchat.fr\/?page_id=108","title":{"rendered":"Fromage Sec"},"content":{"rendered":"\n<div class=\"wp-block-group\"><div class=\"wp-block-group__inner-container is-layout-flow wp-block-group-is-layout-flow\">\n<p>Retrouvez nos principaux fromages disponibles \u00e0 la vente dans notre boutique. \nN&#8217;h\u00e9sitez pas \u00e0 venir nous voir et d\u00e9couvrir les nouveaut\u00e9s !!<\/p>\n<\/div><\/div>\n\n\n\n<figure class=\"wp-block-gallery columns-3 wp-block-gallery-1 is-layout-flex wp-block-gallery-is-layout-flex\"><ul class=\"blocks-gallery-grid\"><li class=\"blocks-gallery-item\"><figure><img decoding=\"async\" src=\"http:\/\/www.fermedumontforchat.fr\/wp-content\/uploads\/2020\/09\/A137AB63-E63C-4008-82AF-177DFF84FA46.jpeg\" alt=\"\" data-id=\"484\" data-full-url=\"http:\/\/www.fermedumontforchat.fr\/wp-content\/uploads\/2020\/09\/A137AB63-E63C-4008-82AF-177DFF84FA46.jpeg\" data-link=\"http:\/\/www.fermedumontforchat.fr\/a137ab63-e63c-4008-82af-177dff84fa46\/\" class=\"wp-image-484\"\/><figcaption class=\"blocks-gallery-item__caption\">Le Prince du Forchat<\/figcaption><\/figure><\/li><li class=\"blocks-gallery-item\"><figure><img decoding=\"async\" src=\"http:\/\/www.fermedumontforchat.fr\/wp-content\/uploads\/2020\/09\/FF0A7293-F1BB-4BB5-AF44-2E1D5CF0438C.jpeg\" alt=\"\" data-id=\"483\" data-full-url=\"http:\/\/www.fermedumontforchat.fr\/wp-content\/uploads\/2020\/09\/FF0A7293-F1BB-4BB5-AF44-2E1D5CF0438C.jpeg\" data-link=\"http:\/\/www.fermedumontforchat.fr\/ff0a7293-f1bb-4bb5-af44-2e1d5cf0438c\/\" class=\"wp-image-483\"\/><figcaption class=\"blocks-gallery-item__caption\">Abondance<\/figcaption><\/figure><\/li><li class=\"blocks-gallery-item\"><figure><img decoding=\"async\" src=\"http:\/\/www.fermedumontforchat.fr\/wp-content\/uploads\/2020\/09\/75844785-BA56-48AF-9ADF-9F85F712866C.jpeg\" alt=\"\" data-id=\"482\" data-full-url=\"http:\/\/www.fermedumontforchat.fr\/wp-content\/uploads\/2020\/09\/75844785-BA56-48AF-9ADF-9F85F712866C.jpeg\" data-link=\"http:\/\/www.fermedumontforchat.fr\/75844785-ba56-48af-9adf-9f85f712866c\/\" class=\"wp-image-482\"\/><figcaption class=\"blocks-gallery-item__caption\">Raclette nature ou poivre<\/figcaption><\/figure><\/li><li class=\"blocks-gallery-item\"><figure><img decoding=\"async\" src=\"http:\/\/www.fermedumontforchat.fr\/wp-content\/uploads\/2020\/09\/B37B8236-DDA8-43F8-A2A8-8E224BDAD3CA.jpeg\" alt=\"\" data-id=\"481\" data-full-url=\"http:\/\/www.fermedumontforchat.fr\/wp-content\/uploads\/2020\/09\/B37B8236-DDA8-43F8-A2A8-8E224BDAD3CA.jpeg\" data-link=\"http:\/\/www.fermedumontforchat.fr\/b37b8236-dda8-43f8-a2a8-8e224bdad3ca\/\" class=\"wp-image-481\"\/><figcaption class=\"blocks-gallery-item__caption\">Beaufort<\/figcaption><\/figure><\/li><li class=\"blocks-gallery-item\"><figure><img decoding=\"async\" src=\"http:\/\/www.fermedumontforchat.fr\/wp-content\/uploads\/2020\/09\/2226AF45-23E7-4F1A-9BA9-B1250B42EB35.jpeg\" alt=\"\" data-id=\"480\" data-full-url=\"http:\/\/www.fermedumontforchat.fr\/wp-content\/uploads\/2020\/09\/2226AF45-23E7-4F1A-9BA9-B1250B42EB35.jpeg\" data-link=\"http:\/\/www.fermedumontforchat.fr\/2226af45-23e7-4f1a-9ba9-b1250b42eb35\/\" class=\"wp-image-480\"\/><figcaption class=\"blocks-gallery-item__caption\">Tomme Fermi\u00e8re<\/figcaption><\/figure><\/li><li class=\"blocks-gallery-item\"><figure><img decoding=\"async\" src=\"http:\/\/www.fermedumontforchat.fr\/wp-content\/uploads\/2020\/09\/851DAD5A-7045-4F24-8375-7743C2CD9893.jpeg\" alt=\"\" data-id=\"479\" data-full-url=\"http:\/\/www.fermedumontforchat.fr\/wp-content\/uploads\/2020\/09\/851DAD5A-7045-4F24-8375-7743C2CD9893.jpeg\" data-link=\"http:\/\/www.fermedumontforchat.fr\/851dad5a-7045-4f24-8375-7743c2cd9893\/\" class=\"wp-image-479\"\/><figcaption class=\"blocks-gallery-item__caption\">Tomme Ail des Ours<\/figcaption><\/figure><\/li><li class=\"blocks-gallery-item\"><figure><img decoding=\"async\" src=\"http:\/\/www.fermedumontforchat.fr\/wp-content\/uploads\/2020\/09\/EB82BF45-A38E-410D-88A6-BE85461B3207.jpeg\" alt=\"\" data-id=\"478\" data-full-url=\"http:\/\/www.fermedumontforchat.fr\/wp-content\/uploads\/2020\/09\/EB82BF45-A38E-410D-88A6-BE85461B3207.jpeg\" data-link=\"http:\/\/www.fermedumontforchat.fr\/eb82bf45-a38e-410d-88a6-be85461b3207\/\" class=\"wp-image-478\"\/><figcaption class=\"blocks-gallery-item__caption\">Tomme Carvi<\/figcaption><\/figure><\/li><li class=\"blocks-gallery-item\"><figure><img decoding=\"async\" src=\"http:\/\/www.fermedumontforchat.fr\/wp-content\/uploads\/2020\/09\/808AFD0C-2917-42F5-8B13-13EF22B9FF73.jpeg\" alt=\"\" data-id=\"477\" data-full-url=\"http:\/\/www.fermedumontforchat.fr\/wp-content\/uploads\/2020\/09\/808AFD0C-2917-42F5-8B13-13EF22B9FF73.jpeg\" data-link=\"http:\/\/www.fermedumontforchat.fr\/808afd0c-2917-42f5-8b13-13ef22b9ff73\/\" class=\"wp-image-477\"\/><figcaption class=\"blocks-gallery-item__caption\">Tomme Reblochonne<\/figcaption><\/figure><\/li><\/ul><\/figure>\n\n\n\n<p><\/p>\n","protected":false},"excerpt":{"rendered":"<p>Retrouvez nos principaux fromages disponibles \u00e0 la vente dans notre boutique. N&#8217;h\u00e9sitez pas \u00e0 venir nous voir et d\u00e9couvrir les nouveaut\u00e9s !!<\/p>\n","protected":false},"author":1,"featured_media":0,"parent":0,"menu_order":0,"comment_status":"closed","ping_status":"closed","template":"full-width.php","meta":{"footnotes":""},"class_list":["post-108","page","type-page","status-publish","hentry"],"_links":{"self":[{"href":"https:\/\/www.fermedumontforchat.fr\/index.php?rest_route=\/wp\/v2\/pages\/108","targetHints":{"allow":["GET"]}}],"collection":[{"href":"https:\/\/www.fermedumontforchat.fr\/index.php?rest_route=\/wp\/v2\/pages"}],"about":[{"href":"https:\/\/www.fermedumontforchat.fr\/index.php?rest_route=\/wp\/v2\/types\/page"}],"author":[{"embeddable":true,"href":"https:\/\/www.fermedumontforchat.fr\/index.php?rest_route=\/wp\/v2\/users\/1"}],"replies":[{"embeddable":true,"href":"https:\/\/www.fermedumontforchat.fr\/index.php?rest_route=%2Fwp%2Fv2%2Fcomments&post=108"}],"version-history":[{"count":0,"href":"https:\/\/www.fermedumontforchat.fr\/index.php?rest_route=\/wp\/v2\/pages\/108\/revisions"}],"wp:attachment":[{"href":"https:\/\/www.fermedumontforchat.fr\/index.php?rest_route=%2Fwp%2Fv2%2Fmedia&parent=108"}],"curies":[{"name":"wp","href":"https:\/\/api.w.org\/{rel}","templated":true}]}}